{"id":1234,"date":"2025-12-27T17:45:42","date_gmt":"2025-12-27T17:45:42","guid":{"rendered":"https:\/\/www.exploreyauco.com\/?page_id=1234"},"modified":"2025-12-27T15:01:48","modified_gmt":"2025-12-27T19:01:48","slug":"home","status":"publish","type":"page","link":"https:\/\/www.exploreyauco.com\/es\/","title":{"rendered":"P\u00e1gina principal"},"content":{"rendered":"<div class=\"ts-row blocks cf wpb_row\"><div class=\"wpb_column vc_column_container vc_col-sm-12 col-12\"><div class=\"vc_column-inner\"><div class=\"wpb_wrapper\">\n\t<div class=\"wpb_text_column wpb_content_element post-content\">\n\t\t<div class=\"wpb_wrapper\">\n\t\t\t<h2 class=\"wp-block-heading\">Conoce a Yauco<\/h2>\n<p>Donde el d\u00eda arranca con caf\u00e9 reci\u00e9n colado en la monta\u00f1a y termina con un chapuz\u00f3n en el Caribe al caer el sol. Yauco, un pueblo lleno de color que vive y respira la aut\u00e9ntica esencia de Puerto Rico.<\/p>\n\n\t\t<\/div>\n\t<\/div>\n<\/div><\/div><\/div><\/div><div class=\"ts-row blocks cf wpb_row\"><div class=\"wpb_column vc_column_container vc_col-sm-12 col-12\"><div class=\"vc_column-inner\"><div class=\"wpb_wrapper\">\n\t<section class=\"cf block loop-grid-3\" data-id=\"p-1\">\n\t\n\t\t\n\t\t\t\t\t\n\t\t\t<div class=\"block-head block-head-b\">\n\t\t\t\t<h4 class=\"title\"><a href=\"https:\/\/www.exploreyauco.com\/es\/category\/things-to-do\/\">Que hacer<\/a><\/h4>\n\t\t\t\t\n\t\t\t\t\t\t\t\n\t\t\t<\/div>\t\n\t\t\t\n\t\t\n\t\t\t\t\n\t\t\t\t\n\t\t<div class=\"block-content\">\n\t\t\n\t<div class=\"posts-dynamic posts-container ts-row grid count-0 is-mixed has-grid-3\">\n\t\t\t\n\t\t\t\t\t\n\t\t\t\t\t\t\n\t\t\t\t\t\t\t\n\t\t\t\t\t\t\t\t\n\t\t\t\t<div class=\"posts-wrap\">\t\t\t\t\n\t\t\t\t\t\t\n\t\t\t\t\t\t\n\t\t\t\t\t\t\t\t\n\t\t\t\t\t<div class=\"column col-4\">\t\n\t\t\t\t\t\t\n<article id=\"post-1243\" class=\"grid-post post-1243 post type-post status-publish format-standard has-post-thumbnail category-things-to-do has-excerpt grid-post-c3 grid-post-b\">\n\n\n\t<div class=\"post-thumb\">\n\t\t\n\t\t<a href=\"https:\/\/www.exploreyauco.com\/es\/santa-clara-falls\/\" class=\"image-link media-ratio ratio-4-3\"><img loading=\"lazy\" decoding=\"async\" width=\"370\" height=\"278\" src=\"https:\/\/www.exploreyauco.com\/wp-content\/uploads\/2016\/09\/3.jpg\" class=\"attachment-large size-large wp-post-image\" alt=\"\" sizes=\"auto, (max-width: 370px) 100vw, 370px\" title=\"Salto Santa Clara\" \/><\/a>\n\t\t\n\t\t\n\t\t\t\t\n\t<\/div>\n\t\t\n\t\t\t<div class=\"meta-title\">\n\t\t\n\t\t\t<div class=\"post-meta post-meta-a post-meta-center post-meta-divider\"><div class=\"meta-above\"><span class=\"post-cat\">\n\t\t\t\t\t\t\n\t\t\t\t\t\t<a href=\"https:\/\/www.exploreyauco.com\/es\/category\/things-to-do\/\" class=\"category\" rel=\"category\">Que hacer<\/a>\n\t\t\t\t\t<\/span>\n\t\t\t\t\t <span class=\"meta-sep\"><\/span> <a href=\"https:\/\/www.exploreyauco.com\/es\/santa-clara-falls\/\" class=\"meta-item date-link\">\n\t\t\t\t\t\t<time class=\"post-date\" datetime=\"2025-12-27T17:40:59-04:00\">diciembre 27, 2025<\/time>\n\t\t\t\t\t<\/a><\/div><h2 class=\"is-title post-title-alt\"><a href=\"https:\/\/www.exploreyauco.com\/es\/santa-clara-falls\/\">Salto Santa Clara<\/a><\/h2><\/div>\t\t\n\t\t<\/div>\n\n\t\t\t\t<div class=\"post-content post-excerpt cf\">\n\t\t\t<p>Una cascada pr\u00edstina en Puerto Rico<\/p>\n\t\t\t\t\n\t\t<\/div><!-- .post-content -->\n\t\t\t\t\n\t\t\t\t\t\n\t\t\t<a href=\"https:\/\/www.exploreyauco.com\/es\/santa-clara-falls\/\" class=\"read-more-link read-more-btn\">\n\t\t\t\tLeer m\u00e1s\t\t\t<\/a>\n\n\t\t\n\t\t\n\t\t\n<\/article>\n\t\t\t\t\t<\/div>\n\t\t\t\t\t\n\t\t\t\t\t\t\t\t\t\n\t\t\t\t\t\t\n\t\t\t\t\t\n\t\t\t\t\t\t\n\t\t\t\t\t\t\n\t\t\t\t\t\t\t\t\n\t\t\t\t\t<div class=\"column col-4\">\t\n\t\t\t\t\t\t\n<article id=\"post-1239\" class=\"grid-post post-1239 post type-post status-publish format-standard has-post-thumbnail category-things-to-do has-excerpt grid-post-c3 grid-post-b\">\n\n\n\t<div class=\"post-thumb\">\n\t\t\n\t\t<a href=\"https:\/\/www.exploreyauco.com\/es\/historic-architecture-walk\/\" class=\"image-link media-ratio ratio-4-3\"><img loading=\"lazy\" decoding=\"async\" width=\"370\" height=\"278\" src=\"https:\/\/www.exploreyauco.com\/wp-content\/uploads\/2025\/12\/Captura-de-pantalla-2025-12-28-a-las-12.33.50-a.m-768x551.jpg\" class=\"attachment-cheerup-768 size-cheerup-768 wp-post-image\" alt=\"\" sizes=\"auto, (max-width: 370px) 100vw, 370px\" title=\"Paseo por la arquitectura hist\u00f3rica\" srcset=\"https:\/\/www.exploreyauco.com\/wp-content\/uploads\/2025\/12\/Captura-de-pantalla-2025-12-28-a-las-12.33.50-a.m-768x551.jpg 768w, https:\/\/www.exploreyauco.com\/wp-content\/uploads\/2025\/12\/Captura-de-pantalla-2025-12-28-a-las-12.33.50-a.m-300x215.jpg 300w, https:\/\/www.exploreyauco.com\/wp-content\/uploads\/2025\/12\/Captura-de-pantalla-2025-12-28-a-las-12.33.50-a.m-175x126.jpg 175w, https:\/\/www.exploreyauco.com\/wp-content\/uploads\/2025\/12\/Captura-de-pantalla-2025-12-28-a-las-12.33.50-a.m-450x323.jpg 450w, https:\/\/www.exploreyauco.com\/wp-content\/uploads\/2025\/12\/Captura-de-pantalla-2025-12-28-a-las-12.33.50-a.m.jpg 792w\" \/><\/a>\n\t\t\n\t\t\n\t\t\t\t\n\t<\/div>\n\t\t\n\t\t\t<div class=\"meta-title\">\n\t\t\n\t\t\t<div class=\"post-meta post-meta-a post-meta-center post-meta-divider\"><div class=\"meta-above\"><span class=\"post-cat\">\n\t\t\t\t\t\t\n\t\t\t\t\t\t<a href=\"https:\/\/www.exploreyauco.com\/es\/category\/things-to-do\/\" class=\"category\" rel=\"category\">Que hacer<\/a>\n\t\t\t\t\t<\/span>\n\t\t\t\t\t <span class=\"meta-sep\"><\/span> <a href=\"https:\/\/www.exploreyauco.com\/es\/historic-architecture-walk\/\" class=\"meta-item date-link\">\n\t\t\t\t\t\t<time class=\"post-date\" datetime=\"2025-12-27T17:36:27-04:00\">diciembre 27, 2025<\/time>\n\t\t\t\t\t<\/a><\/div><h2 class=\"is-title post-title-alt\"><a href=\"https:\/\/www.exploreyauco.com\/es\/historic-architecture-walk\/\">Paseo por la arquitectura hist\u00f3rica<\/a><\/h2><\/div>\t\t\n\t\t<\/div>\n\n\t\t\t\t<div class=\"post-content post-excerpt cf\">\n\t\t\t<p>Discover the historic houses of Yauco while you get your steps in.<\/p>\n\t\t\t\t\n\t\t<\/div><!-- .post-content -->\n\t\t\t\t\n\t\t\t\t\t\n\t\t\t<a href=\"https:\/\/www.exploreyauco.com\/es\/historic-architecture-walk\/\" class=\"read-more-link read-more-btn\">\n\t\t\t\tLeer m\u00e1s\t\t\t<\/a>\n\n\t\t\n\t\t\n\t\t\n<\/article>\n\t\t\t\t\t<\/div>\n\t\t\t\t\t\n\t\t\t\t\t\t\t\t\t\n\t\t\t\t\t\t\n\t\t\t\t\t\n\t\t\t\t\t\t\n\t\t\t\t\t\t\n\t\t\t\t\t\t\t\t\n\t\t\t\t\t<div class=\"column col-4\">\t\n\t\t\t\t\t\t\n<article id=\"post-1236\" class=\"grid-post post-1236 post type-post status-publish format-standard has-post-thumbnail category-things-to-do tag-art tag-culture has-excerpt grid-post-c3 grid-post-b\">\n\n\n\t<div class=\"post-thumb\">\n\t\t\n\t\t<a href=\"https:\/\/www.exploreyauco.com\/es\/yaucromatic\/\" class=\"image-link media-ratio ratio-4-3\"><img loading=\"lazy\" decoding=\"async\" width=\"370\" height=\"278\" src=\"https:\/\/www.exploreyauco.com\/wp-content\/uploads\/2025\/12\/5436fd9fc5f41ff9ea8a776500d47dfa9a725cc8-1024x683.jpg\" class=\"attachment-large size-large wp-post-image\" alt=\"\" sizes=\"auto, (max-width: 370px) 100vw, 370px\" title=\"Yaucromatic\" srcset=\"https:\/\/www.exploreyauco.com\/wp-content\/uploads\/2025\/12\/5436fd9fc5f41ff9ea8a776500d47dfa9a725cc8-1024x683.jpg 1024w, https:\/\/www.exploreyauco.com\/wp-content\/uploads\/2025\/12\/5436fd9fc5f41ff9ea8a776500d47dfa9a725cc8-768x513.jpg 768w, https:\/\/www.exploreyauco.com\/wp-content\/uploads\/2025\/12\/5436fd9fc5f41ff9ea8a776500d47dfa9a725cc8.jpg 1440w\" \/><\/a>\n\t\t\n\t\t\n\t\t\t\t\n\t<\/div>\n\t\t\n\t\t\t<div class=\"meta-title\">\n\t\t\n\t\t\t<div class=\"post-meta post-meta-a post-meta-center post-meta-divider\"><div class=\"meta-above\"><span class=\"post-cat\">\n\t\t\t\t\t\t\n\t\t\t\t\t\t<a href=\"https:\/\/www.exploreyauco.com\/es\/category\/things-to-do\/\" class=\"category\" rel=\"category\">Que hacer<\/a>\n\t\t\t\t\t<\/span>\n\t\t\t\t\t <span class=\"meta-sep\"><\/span> <a href=\"https:\/\/www.exploreyauco.com\/es\/yaucromatic\/\" class=\"meta-item date-link\">\n\t\t\t\t\t\t<time class=\"post-date\" datetime=\"2025-12-27T17:29:08-04:00\">diciembre 27, 2025<\/time>\n\t\t\t\t\t<\/a><\/div><h2 class=\"is-title post-title-alt\"><a href=\"https:\/\/www.exploreyauco.com\/es\/yaucromatic\/\">Yaucromatic<\/a><\/h2><\/div>\t\t\n\t\t<\/div>\n\n\t\t\t\t<div class=\"post-content post-excerpt cf\">\n\t\t\t<p>Yaucromatic in Yauco is an art movement.<\/p>\n\t\t\t\t\n\t\t<\/div><!-- .post-content -->\n\t\t\t\t\n\t\t\t\t\t\n\t\t\t<a href=\"https:\/\/www.exploreyauco.com\/es\/yaucromatic\/\" class=\"read-more-link read-more-btn\">\n\t\t\t\tLeer m\u00e1s\t\t\t<\/a>\n\n\t\t\n\t\t\n\t\t\n<\/article>\n\t\t\t\t\t<\/div>\n\t\t\t\t\t\n\t\t\t\t\t\t\t\t\t\n\t\t\t\t\t\t\n\t\t\t\t\n\t\t<\/div>\n\t<\/div>\n\t\n\t\n\t\t\t<\/div>\n\t\n\t<\/section>\n\n<\/div><\/div><\/div><\/div>","protected":false},"excerpt":{"rendered":"Yaucromatic in Yauco is an art movement.","protected":false},"author":1,"featured_media":1287,"parent":0,"menu_order":0,"comment_status":"closed","ping_status":"closed","template":"page-blocks.php","meta":{"_price":"","_stock":"","_tribe_ticket_header":"","_tribe_default_ticket_provider":"","_ticket_start_date":"","_ticket_end_date":"","_tribe_ticket_show_description":"","_tribe_ticket_show_not_going":false,"_tribe_ticket_use_global_stock":"","_tribe_ticket_global_stock_level":"","_global_stock_mode":"","_global_stock_cap":"","_tribe_rsvp_for_event":"","_tribe_ticket_going_count":"","_tribe_ticket_not_going_count":"","_tribe_tickets_list":"[]","_tribe_ticket_has_attendee_info_fields":false,"footnotes":"","_tec_slr_enabled":"","_tec_slr_layout":""},"class_list":["post-1234","page","type-page","status-publish","has-post-thumbnail"],"aioseo_notices":[],"ticketed":false,"_links":{"self":[{"href":"https:\/\/www.exploreyauco.com\/es\/wp-json\/wp\/v2\/pages\/1234","targetHints":{"allow":["GET"]}}],"collection":[{"href":"https:\/\/www.exploreyauco.com\/es\/wp-json\/wp\/v2\/pages"}],"about":[{"href":"https:\/\/www.exploreyauco.com\/es\/wp-json\/wp\/v2\/types\/page"}],"author":[{"embeddable":true,"href":"https:\/\/www.exploreyauco.com\/es\/wp-json\/wp\/v2\/users\/1"}],"replies":[{"embeddable":true,"href":"https:\/\/www.exploreyauco.com\/es\/wp-json\/wp\/v2\/comments?post=1234"}],"version-history":[{"count":4,"href":"https:\/\/www.exploreyauco.com\/es\/wp-json\/wp\/v2\/pages\/1234\/revisions"}],"predecessor-version":[{"id":1245,"href":"https:\/\/www.exploreyauco.com\/es\/wp-json\/wp\/v2\/pages\/1234\/revisions\/1245"}],"wp:featuredmedia":[{"embeddable":true,"href":"https:\/\/www.exploreyauco.com\/es\/wp-json\/wp\/v2\/media\/1287"}],"wp:attachment":[{"href":"https:\/\/www.exploreyauco.com\/es\/wp-json\/wp\/v2\/media?parent=1234"}],"curies":[{"name":"wp","href":"https:\/\/api.w.org\/{rel}","templated":true}]}}